{"id":7835,"date":"2016-12-30T10:15:54","date_gmt":"2016-12-30T09:15:54","guid":{"rendered":"https:\/\/egzaminy-cambridge.pl\/cpe-proficiency\/"},"modified":"2026-04-10T14:34:22","modified_gmt":"2026-04-10T12:34:22","slug":"cpe-proficiency","status":"publish","type":"page","link":"https:\/\/egzaminy-cambridge.pl\/en\/cpe-proficiency\/","title":{"rendered":"C2 Proficiency (CPE)"},"content":{"rendered":"\t\t<div data-elementor-type=\"wp-page\" data-elementor-id=\"7835\" class=\"elementor elementor-7835 elementor-164\" data-elementor-post-type=\"page\">\n\t\t\t\t<div class=\"elementor-element elementor-element-3d3db0f6 e-flex e-con-boxed e-con e-parent\" data-id=\"3d3db0f6\" data-element_type=\"container\" data-e-type=\"container\">\n\t\t\t\t\t<div class=\"e-con-inner\">\n\t\t\t\t<div class=\"elementor-element elementor-element-750a73e5 elementor-widget elementor-widget-text-editor\" data-id=\"750a73e5\" data-element_type=\"widget\" data-e-type=\"widget\" data-widget_type=\"text-editor.default\">\n\t\t\t\t\t\t\t\t\t<h3>Egzamin Cambridge English C2 Proficiency<\/h3><p><strong>C2 Proficiency (CPE)<\/strong> to egzamin Cambridge English na najwy\u017cszym poziomie zaawansowania. Certyfikat C2 Proficiency (CPE) potwierdza znajomo\u015b\u0107 j\u0119zyka angielskiego na poziomie rodzimego u\u017cytkownika j\u0119zyka angielskiego.<\/p><h3>\u00a0<\/h3><h3 class=\"wp-block-heading\">Najbli\u017csze terminy egzaminu C2 Proficiency (CPE)<\/h3><p><strong>Aktualne terminy sesji opublikowane s\u0105 w systemie rejestracji on-line na stronie <a href=\"https:\/\/register.lang.com.pl\/pl\/search\/?utm_source=egzaminy_cambridge&amp;utm_medium=cta&amp;utm_campaign=cambridge&amp;utm_id=LangLTC\">https:\/\/register.lang.com.pl\/pl\/search\/ <\/a><\/strong><\/p>\t\t\t\t\t\t\t\t<\/div>\n\t\t\t\t<div class=\"elementor-element elementor-element-658d32a elementor-mobile-align-center elementor-widget-mobile__width-inherit elementor-align-center elementor-widget elementor-widget-button\" data-id=\"658d32a\" data-element_type=\"widget\" data-e-type=\"widget\" data-widget_type=\"button.default\">\n\t\t\t\t\t\t\t\t\t\t<a class=\"elementor-button elementor-button-link elementor-size-sm\" href=\"https:\/\/register.lang.com.pl\/pl\/search\/?product=63&#038;product=62&#038;exam_type=&#038;location=\">\n\t\t\t\t\t\t<span class=\"elementor-button-content-wrapper\">\n\t\t\t\t\t\t\t\t\t<span class=\"elementor-button-text\">C2 PROFICIENCY REJESTRACJA<\/span>\n\t\t\t\t\t<\/span>\n\t\t\t\t\t<\/a>\n\t\t\t\t\t\t\t\t<\/div>\n\t\t\t\t<div class=\"elementor-element elementor-element-2414b8b elementor-widget elementor-widget-spacer\" data-id=\"2414b8b\" data-element_type=\"widget\" data-e-type=\"widget\" data-widget_type=\"spacer.default\">\n\t\t\t\t\t\t\t<div class=\"elementor-spacer\">\n\t\t\t<div class=\"elementor-spacer-inner\"><\/div>\n\t\t<\/div>\n\t\t\t\t\t\t<\/div>\n\t\t\t\t<div class=\"elementor-element elementor-element-12bb1ba elementor-widget elementor-widget-text-editor\" data-id=\"12bb1ba\" data-element_type=\"widget\" data-e-type=\"widget\" data-widget_type=\"text-editor.default\">\n\t\t\t\t\t\t\t\t\t<h3 class=\"wp-block-heading\">O egzaminie C2 Proficiency (CPE)<\/h3><ul class=\"wp-block-list\"><li>Egzamin C2 Proficiency (CPE) jest przeznaczony dla os\u00f3b o poziomie zaawansowania C2 w skali Rady Europy.<\/li><li>C2 Proficiency (CPE) jest egzaminem o najwy\u017cszym poziomie zaawansowania i stanowi potwierdzenie umiej\u0119tno\u015bci pos\u0142ugiwanie si\u0119 j\u0119zykiem angielskim na poziomie rodzimego u\u017cytkownika j\u0119zyka.<\/li><li>Egzamin C2 Proficiency (CPE) sprawdza umiej\u0119tno\u015b\u0107 pos\u0142ugiwania si\u0119 j\u0119zykiem angielskim w celu dyskutowania na skomplikowane tematy, umiej\u0119tno\u015b\u0107 rozumienia tekst\u00f3w o tematyce specjalistycznej oraz pisanie r\u00f3\u017cnorodnych i rozbudowanych prac.<\/li><\/ul><h3>\u00a0<\/h3><h3 class=\"wp-block-heading\">Struktura egzaminu C2 Proficiency (CPE)<\/h3><ul class=\"wp-block-list\"><li>Reading &amp; Use of English: 90 minut<\/li><li>Writing: 90 minut<\/li><li>Listening: 40 minut<\/li><li>Speaking: 18 minut<\/li><\/ul><h2 class=\"wp-block-heading\">\u00a0<\/h2><h3 class=\"wp-block-heading\">Test pr\u00f3bny C2 Proficiency (CPE)<\/h3><p><strong><a href=\"http:\/\/egzaminy-cambridge.pl\/przykladowe-testy-cambridge-english\/\" target=\"_blank\" rel=\"noopener noreferrer\">Sprawd\u017a!<\/a>\u00a0<\/strong><\/p><h3>\u00a0<\/h3><h3 class=\"wp-block-heading\">Jak wygl\u0105da egzamin C2 Proficiency (CPE) &#8211; Budowa<\/h3><p><strong><a href=\"http:\/\/www.cambridgeenglish.org\/exams\/proficiency\/exam-format\/\" target=\"_blank\" rel=\"noopener noreferrer\">Sprawd\u017a!<\/a><\/strong><\/p><h3>\u00a0<\/h3><h3 class=\"wp-block-heading\">Jak wygl\u0105da egzamin ustny C2 Proficiency (CPE)<\/h3>\t\t\t\t\t\t\t\t<\/div>\n\t\t\t\t<div class=\"elementor-element elementor-element-c074124 elementor-widget elementor-widget-text-editor\" data-id=\"c074124\" data-element_type=\"widget\" data-e-type=\"widget\" data-widget_type=\"text-editor.default\">\n\t\t\t\t\t\t\t\t\t<p><strong>Egzamin ustny C2 Proficiency:\u00a0<\/strong><\/p>\t\t\t\t\t\t\t\t<\/div>\n\t\t\t\t<div class=\"elementor-element elementor-element-adeff99 elementor-widget elementor-widget-video\" data-id=\"adeff99\" data-element_type=\"widget\" data-e-type=\"widget\" data-settings=\"{&quot;youtube_url&quot;:&quot;https:\\\/\\\/youtu.be\\\/Oj44fyMvIRY?si=lm-Yp4VsnNlfFeBF&quot;,&quot;video_type&quot;:&quot;youtube&quot;,&quot;controls&quot;:&quot;yes&quot;}\" data-widget_type=\"video.default\">\n\t\t\t\t\t\t\t<div class=\"elementor-wrapper elementor-open-inline\">\n\t\t\t<div class=\"elementor-video\"><\/div>\t\t<\/div>\n\t\t\t\t\t\t<\/div>\n\t\t\t\t<div class=\"elementor-element elementor-element-1a3b6af elementor-widget elementor-widget-spacer\" data-id=\"1a3b6af\" data-element_type=\"widget\" data-e-type=\"widget\" data-widget_type=\"spacer.default\">\n\t\t\t\t\t\t\t<div class=\"elementor-spacer\">\n\t\t\t<div class=\"elementor-spacer-inner\"><\/div>\n\t\t<\/div>\n\t\t\t\t\t\t<\/div>\n\t\t\t\t<div class=\"elementor-element elementor-element-7d25747 elementor-widget elementor-widget-text-editor\" data-id=\"7d25747\" data-element_type=\"widget\" data-e-type=\"widget\" data-widget_type=\"text-editor.default\">\n\t\t\t\t\t\t\t\t\t<h3 class=\"wp-block-heading\">Jak przygotowa\u0107 si\u0119 do C2 Proficiency (CPE)<\/h3><p><strong><a href=\"http:\/\/egzaminy-cambridge.pl\/przykladowe-testy-cambridge-english\/\" target=\"_blank\" rel=\"noopener noreferrer\">Sprawd\u017a!<\/a><\/strong><\/p><h3>\u00a0<\/h3><h3 class=\"wp-block-heading\">Materia\u0142y o egzaminie C2 Proficiency (CPE) do pobrania<\/h3><ul class=\"wp-block-list\"><li><a href=\"https:\/\/egzaminy-cambridge.pl\/wp-content\/uploads\/2026\/04\/c2-proficiency-information-for-candidates-booklet.pdf\"><strong>Cambridge English C2 Proficiency (CPE) &#8211; Informacje dla kandydat\u00f3w<\/strong><\/a><\/li><li><strong><a href=\"https:\/\/egzaminy-cambridge.pl\/wp-content\/uploads\/2026\/04\/improve-your-english-checklist-c2.pdf\">Cambridge English C2 Proficiency (CPE) &#8211; Writing checklist<\/a><\/strong><\/li><\/ul>\t\t\t\t\t\t\t\t<\/div>\n\t\t\t\t<div class=\"elementor-element elementor-element-c82aa56 elementor-widget elementor-widget-spacer\" data-id=\"c82aa56\" data-element_type=\"widget\" data-e-type=\"widget\" data-widget_type=\"spacer.default\">\n\t\t\t\t\t\t\t<div class=\"elementor-spacer\">\n\t\t\t<div class=\"elementor-spacer-inner\"><\/div>\n\t\t<\/div>\n\t\t\t\t\t\t<\/div>\n\t\t\t\t<div class=\"elementor-element elementor-element-b225433 elementor-mobile-align-center elementor-widget-mobile__width-inherit elementor-align-center elementor-widget elementor-widget-button\" data-id=\"b225433\" data-element_type=\"widget\" data-e-type=\"widget\" data-widget_type=\"button.default\">\n\t\t\t\t\t\t\t\t\t\t<a class=\"elementor-button elementor-button-link elementor-size-sm\" href=\"https:\/\/register.lang.com.pl\/pl\/search\/?product=63&#038;product=62&#038;exam_type=&#038;location=\">\n\t\t\t\t\t\t<span class=\"elementor-button-content-wrapper\">\n\t\t\t\t\t\t\t\t\t<span class=\"elementor-button-text\">C2 PROFICIENCY REJESTRACJA<\/span>\n\t\t\t\t\t<\/span>\n\t\t\t\t\t<\/a>\n\t\t\t\t\t\t\t\t<\/div>\n\t\t\t\t\t<\/div>\n\t\t\t\t<\/div>\n\t\t\t\t<\/div>\n\t\t","protected":false},"excerpt":{"rendered":"<p>Egzamin Cambridge English C2 Proficiency C2 Proficiency (CPE) to egzamin Cambridge English na najwy\u017cszym poziomie zaawansowania. Certyfikat C2 Proficiency (CPE) potwierdza znajomo\u015b\u0107 j\u0119zyka angielskiego na poziomie rodzimego u\u017cytkownika j\u0119zyka angielskiego. \u00a0 Najbli\u017csze terminy egzaminu C2 Proficiency (CPE) Aktualne terminy sesji opublikowane s\u0105 w systemie rejestracji on-line na stronie https:\/\/register.lang.com.pl\/pl\/search\/ C2 PROFICIENCY REJESTRACJA O egzaminie C2 [&hellip;]<\/p>\n","protected":false},"author":11,"featured_media":0,"parent":0,"menu_order":0,"comment_status":"closed","ping_status":"closed","template":"","meta":{"inline_featured_image":false,"footnotes":""},"class_list":["post-7835","page","type-page","status-publish","hentry"],"_links":{"self":[{"href":"https:\/\/egzaminy-cambridge.pl\/en\/wp-json\/wp\/v2\/pages\/7835","targetHints":{"allow":["GET"]}}],"collection":[{"href":"https:\/\/egzaminy-cambridge.pl\/en\/wp-json\/wp\/v2\/pages"}],"about":[{"href":"https:\/\/egzaminy-cambridge.pl\/en\/wp-json\/wp\/v2\/types\/page"}],"author":[{"embeddable":true,"href":"https:\/\/egzaminy-cambridge.pl\/en\/wp-json\/wp\/v2\/users\/11"}],"replies":[{"embeddable":true,"href":"https:\/\/egzaminy-cambridge.pl\/en\/wp-json\/wp\/v2\/comments?post=7835"}],"version-history":[{"count":32,"href":"https:\/\/egzaminy-cambridge.pl\/en\/wp-json\/wp\/v2\/pages\/7835\/revisions"}],"predecessor-version":[{"id":9470,"href":"https:\/\/egzaminy-cambridge.pl\/en\/wp-json\/wp\/v2\/pages\/7835\/revisions\/9470"}],"wp:attachment":[{"href":"https:\/\/egzaminy-cambridge.pl\/en\/wp-json\/wp\/v2\/media?parent=7835"}],"curies":[{"name":"wp","href":"https:\/\/api.w.org\/{rel}","templated":true}]}}